{"id":1223,"date":"2021-04-29T07:04:40","date_gmt":"2021-04-29T07:04:40","guid":{"rendered":"https:\/\/zeljkobarisic.org\/stomatoloskaordinacija\/about\/"},"modified":"2024-02-13T09:45:42","modified_gmt":"2024-02-13T08:45:42","slug":"o-ordinaciji","status":"publish","type":"page","link":"https:\/\/zeljkobarisic.org\/stomatoloskaordinacija\/o-ordinaciji\/","title":{"rendered":"O ordinaciji \/ About the dental office"},"content":{"rendered":"\t\t<div data-elementor-type=\"wp-page\" data-elementor-id=\"1223\" class=\"elementor elementor-1223\">\n\t\t\t\t<div class=\"elementor-element elementor-element-58e7c00 e-flex e-con-boxed e-con e-parent\" data-id=\"58e7c00\" data-element_type=\"container\" data-settings=\"{&quot;background_background&quot;:&quot;classic&quot;}\">\n\t\t\t\t\t<div class=\"e-con-inner\">\n\t\t<div class=\"elementor-element elementor-element-bda4812 e-con-full e-flex e-con e-child\" data-id=\"bda4812\" data-element_type=\"container\">\n\t\t\t\t<div class=\"elementor-element elementor-element-53f9936 elementor-widget elementor-widget-heading\" data-id=\"53f9936\" data-element_type=\"widget\" data-widget_type=\"heading.default\">\n\t\t\t\t<div class=\"elementor-widget-container\">\n\t\t\t\t\t<h1 class=\"elementor-heading-title elementor-size-default\">O NAMA<\/h1>\t\t\t\t<\/div>\n\t\t\t\t<\/div>\n\t\t\t\t<\/div>\n\t\t\t\t\t<\/div>\n\t\t\t\t<\/div>\n\t\t<div class=\"elementor-element elementor-element-e911eb2 e-flex e-con-boxed e-con e-parent\" data-id=\"e911eb2\" data-element_type=\"container\">\n\t\t\t\t\t<div class=\"e-con-inner\">\n\t\t<div class=\"elementor-element elementor-element-52804a9 e-con-full e-flex e-con e-child\" data-id=\"52804a9\" data-element_type=\"container\">\n\t\t\t\t<div class=\"elementor-element elementor-element-ad8eae2 elementor-widget elementor-widget-image\" data-id=\"ad8eae2\" data-element_type=\"widget\" data-widget_type=\"image.default\">\n\t\t\t\t<div class=\"elementor-widget-container\">\n\t\t\t\t\t\t\t\t\t\t\t\t\t\t\t<img fetchpriority=\"high\" decoding=\"async\" width=\"768\" height=\"708\" src=\"https:\/\/zeljkobarisic.org\/stomatoloskaordinacija\/wp-content\/uploads\/2024\/02\/o_nama_picture.jpg\" class=\"attachment-full size-full wp-image-1490\" alt=\"dr. \u017deljko Bari\u0161i\u0107\" srcset=\"https:\/\/zeljkobarisic.org\/stomatoloskaordinacija\/wp-content\/uploads\/2024\/02\/o_nama_picture.jpg 768w, https:\/\/zeljkobarisic.org\/stomatoloskaordinacija\/wp-content\/uploads\/2024\/02\/o_nama_picture-300x277.jpg 300w\" sizes=\"(max-width: 768px) 100vw, 768px\" \/>\t\t\t\t\t\t\t\t\t\t\t\t\t\t\t<\/div>\n\t\t\t\t<\/div>\n\t\t\t\t<\/div>\n\t\t<div class=\"elementor-element elementor-element-a960193 e-con-full e-flex e-con e-child\" data-id=\"a960193\" data-element_type=\"container\">\n\t\t\t\t<div class=\"elementor-element elementor-element-cfde377 elementor-widget elementor-widget-heading\" data-id=\"cfde377\" data-element_type=\"widget\" data-widget_type=\"heading.default\">\n\t\t\t\t<div class=\"elementor-widget-container\">\n\t\t\t\t\t<h5 class=\"elementor-heading-title elementor-size-default\">Na\u0161a pri\u010da\n<\/h5>\t\t\t\t<\/div>\n\t\t\t\t<\/div>\n\t\t\t\t<div class=\"elementor-element elementor-element-13ab159 elementor-widget elementor-widget-text-editor\" data-id=\"13ab159\" data-element_type=\"widget\" data-widget_type=\"text-editor.default\">\n\t\t\t\t<div class=\"elementor-widget-container\">\n\t\t\t\t\t\t\t\t\t<p>\u2018Stomatolo\u0161ka ordinacija \u017deljko Bari\u0161i\u0107 dr. stom.\u2019\u00a0po\u010dela je s radom 01.VIII.1998. Od tada pa do danas ona neprekidno i uspje\u0161no radi uz stru\u010dno vodstvo osniva\u010da i voditelja dr. \u017deljka Bari\u0161i\u0107a. U suradnji s tehni\u010dkim laboratorijima ordinacija pru\u017ea usluge iz svih stomatolo\u0161kih disciplina.\u00a0Ordinacija je opremljena suvremenom i provjerenom opremom s kojom je mogu\u0107e izvr\u0161iti bilo koji zahvat.<\/p>\t\t\t\t\t\t\t\t<\/div>\n\t\t\t\t<\/div>\n\t\t\t\t<div class=\"elementor-element elementor-element-f13b8de elementor-widget elementor-widget-text-editor\" data-id=\"f13b8de\" data-element_type=\"widget\" data-widget_type=\"text-editor.default\">\n\t\t\t\t<div class=\"elementor-widget-container\">\n\t\t\t\t\t\t\t\t\t<p>Ordinacija se nalazi u splitskom predjelu Brda, u neposrednoj blizini Sportsko rekreacijskog centra Brda (s isto\u010dne strane sportskog centra, odmah do teniskih terena u sklopu kojeg se nalazi besplatni parking).<\/p>\t\t\t\t\t\t\t\t<\/div>\n\t\t\t\t<\/div>\n\t\t\t\t<\/div>\n\t\t\t\t\t<\/div>\n\t\t\t\t<\/div>\n\t\t<div class=\"elementor-element elementor-element-d51b340 e-flex e-con-boxed e-con e-parent\" data-id=\"d51b340\" data-element_type=\"container\" data-settings=\"{&quot;background_background&quot;:&quot;classic&quot;}\">\n\t\t\t\t\t<div class=\"e-con-inner\">\n\t\t<div class=\"elementor-element elementor-element-227d647 e-con-full e-flex e-con e-child\" data-id=\"227d647\" data-element_type=\"container\">\n\t\t\t\t<div class=\"elementor-element elementor-element-ee898b2 elementor-widget elementor-widget-heading\" data-id=\"ee898b2\" data-element_type=\"widget\" data-widget_type=\"heading.default\">\n\t\t\t\t<div class=\"elementor-widget-container\">\n\t\t\t\t\t<h2 class=\"elementor-heading-title elementor-size-default\">Osnovne zna\u010dajke na\u0161eg rada\n<\/h2>\t\t\t\t<\/div>\n\t\t\t\t<\/div>\n\t\t<div class=\"elementor-element elementor-element-31fb570 e-flex e-con-boxed e-con e-child\" data-id=\"31fb570\" data-element_type=\"container\">\n\t\t\t\t\t<div class=\"e-con-inner\">\n\t\t<div class=\"elementor-element elementor-element-b53ae8d e-con-full e-flex e-con e-child\" data-id=\"b53ae8d\" data-element_type=\"container\" data-settings=\"{&quot;background_background&quot;:&quot;classic&quot;}\">\n\t\t\t\t<div class=\"elementor-element elementor-element-a8483fc elementor-widget elementor-widget-text-editor\" data-id=\"a8483fc\" data-element_type=\"widget\" data-widget_type=\"text-editor.default\">\n\t\t\t\t<div class=\"elementor-widget-container\">\n\t\t\t\t\t\t\t\t\t<p>Pru\u017eamo najkvalitetniju uslugu iz svih stomatolo\u0161kih disciplina.<\/p>\t\t\t\t\t\t\t\t<\/div>\n\t\t\t\t<\/div>\n\t\t\t\t<\/div>\n\t\t<div class=\"elementor-element elementor-element-d9cbd54 e-con-full e-flex e-con e-child\" data-id=\"d9cbd54\" data-element_type=\"container\" data-settings=\"{&quot;background_background&quot;:&quot;classic&quot;}\">\n\t\t\t\t<div class=\"elementor-element elementor-element-95c2eb8 elementor-widget elementor-widget-text-editor\" data-id=\"95c2eb8\" data-element_type=\"widget\" data-widget_type=\"text-editor.default\">\n\t\t\t\t<div class=\"elementor-widget-container\">\n\t\t\t\t\t\t\t\t\t<p>Kori\u0161tenje suvremene i na tr\u017ei\u0161tu najkvalitetnije opreme te najsuvremenije tehnike u radu.<\/p>\t\t\t\t\t\t\t\t<\/div>\n\t\t\t\t<\/div>\n\t\t\t\t<\/div>\n\t\t\t\t\t<\/div>\n\t\t\t\t<\/div>\n\t\t<div class=\"elementor-element elementor-element-60cd633 e-flex e-con-boxed e-con e-child\" data-id=\"60cd633\" data-element_type=\"container\">\n\t\t\t\t\t<div class=\"e-con-inner\">\n\t\t<div class=\"elementor-element elementor-element-a2f054a e-con-full e-flex e-con e-child\" data-id=\"a2f054a\" data-element_type=\"container\" data-settings=\"{&quot;background_background&quot;:&quot;classic&quot;}\">\n\t\t\t\t<div class=\"elementor-element elementor-element-a98a16d elementor-widget elementor-widget-text-editor\" data-id=\"a98a16d\" data-element_type=\"widget\" data-widget_type=\"text-editor.default\">\n\t\t\t\t<div class=\"elementor-widget-container\">\n\t\t\t\t\t\t\t\t\t<p>Ordinacija je opremljena suvremenom opremom u kojoj je mogu\u0107e izvr\u0161iti bilo koji zahvat. U ordinaciji se nalazi i ure\u0111aj za snimanje zubi, tako da nije potrebno i\u0107i van ordinacije.<\/p>\t\t\t\t\t\t\t\t<\/div>\n\t\t\t\t<\/div>\n\t\t\t\t<\/div>\n\t\t<div class=\"elementor-element elementor-element-a17bb93 e-con-full e-flex e-con e-child\" data-id=\"a17bb93\" data-element_type=\"container\" data-settings=\"{&quot;background_background&quot;:&quot;classic&quot;}\">\n\t\t\t\t<div class=\"elementor-element elementor-element-2264e56 elementor-widget elementor-widget-text-editor\" data-id=\"2264e56\" data-element_type=\"widget\" data-widget_type=\"text-editor.default\">\n\t\t\t\t<div class=\"elementor-widget-container\">\n\t\t\t\t\t\t\t\t\t<p>Neprekidno usavr\u0161avanje na stru\u010dnim seminarima i konzultacije s kolegama. Tako\u0111er, ordinacija je u \u010dlanstvu Hrvatske komore dentalne medicine.<\/p>\t\t\t\t\t\t\t\t<\/div>\n\t\t\t\t<\/div>\n\t\t\t\t<\/div>\n\t\t\t\t\t<\/div>\n\t\t\t\t<\/div>\n\t\t\t\t<\/div>\n\t\t\t\t\t<\/div>\n\t\t\t\t<\/div>\n\t\t<div class=\"elementor-element elementor-element-082b318 e-flex e-con-boxed e-con e-parent\" data-id=\"082b318\" data-element_type=\"container\" data-settings=\"{&quot;background_background&quot;:&quot;classic&quot;}\">\n\t\t\t\t\t<div class=\"e-con-inner\">\n\t\t<div class=\"elementor-element elementor-element-9c769e4 e-con-full e-flex e-con e-child\" data-id=\"9c769e4\" data-element_type=\"container\">\n\t\t\t\t<div class=\"elementor-element elementor-element-c8e0c4b elementor-view-stacked elementor-vertical-align-middle elementor-position-left elementor-shape-circle elementor-mobile-position-top elementor-widget elementor-widget-icon-box\" data-id=\"c8e0c4b\" data-element_type=\"widget\" data-widget_type=\"icon-box.default\">\n\t\t\t\t<div class=\"elementor-widget-container\">\n\t\t\t\t\t\t\t<div class=\"elementor-icon-box-wrapper\">\n\n\t\t\t\t\t\t<div class=\"elementor-icon-box-icon\">\n\t\t\t\t<span  class=\"elementor-icon\">\n\t\t\t\t<svg aria-hidden=\"true\" class=\"e-font-icon-svg e-fas-phone-alt\" viewBox=\"0 0 512 512\" xmlns=\"http:\/\/www.w3.org\/2000\/svg\"><path d=\"M497.39 361.8l-112-48a24 24 0 0 0-28 6.9l-49.6 60.6A370.66 370.66 0 0 1 130.6 204.11l60.6-49.6a23.94 23.94 0 0 0 6.9-28l-48-112A24.16 24.16 0 0 0 122.6.61l-104 24A24 24 0 0 0 0 48c0 256.5 207.9 464 464 464a24 24 0 0 0 23.4-18.6l24-104a24.29 24.29 0 0 0-14.01-27.6z\"><\/path><\/svg>\t\t\t\t<\/span>\n\t\t\t<\/div>\n\t\t\t\n\t\t\t\t\t\t<div class=\"elementor-icon-box-content\">\n\n\t\t\t\t\t\t\t\t\t<h5 class=\"elementor-icon-box-title\">\n\t\t\t\t\t\t<span  >\n\t\t\t\t\t\t\t+385 98 432 744\t\t\t\t\t\t<\/span>\n\t\t\t\t\t<\/h5>\n\t\t\t\t\n\t\t\t\t\n\t\t\t<\/div>\n\t\t\t\n\t\t<\/div>\n\t\t\t\t\t\t<\/div>\n\t\t\t\t<\/div>\n\t\t\t\t<\/div>\n\t\t<div class=\"elementor-element elementor-element-54c7f6f e-con-full e-flex e-con e-child\" data-id=\"54c7f6f\" data-element_type=\"container\">\n\t\t\t\t<div class=\"elementor-element elementor-element-2de2fd3 elementor-view-stacked elementor-vertical-align-middle elementor-position-left elementor-shape-circle elementor-mobile-position-top elementor-widget elementor-widget-icon-box\" data-id=\"2de2fd3\" data-element_type=\"widget\" data-widget_type=\"icon-box.default\">\n\t\t\t\t<div class=\"elementor-widget-container\">\n\t\t\t\t\t\t\t<div class=\"elementor-icon-box-wrapper\">\n\n\t\t\t\t\t\t<div class=\"elementor-icon-box-icon\">\n\t\t\t\t<span  class=\"elementor-icon\">\n\t\t\t\t<svg aria-hidden=\"true\" class=\"e-font-icon-svg e-fas-map-marker-alt\" viewBox=\"0 0 384 512\" xmlns=\"http:\/\/www.w3.org\/2000\/svg\"><path d=\"M172.268 501.67C26.97 291.031 0 269.413 0 192 0 85.961 85.961 0 192 0s192 85.961 192 192c0 77.413-26.97 99.031-172.268 309.67-9.535 13.774-29.93 13.773-39.464 0zM192 272c44.183 0 80-35.817 80-80s-35.817-80-80-80-80 35.817-80 80 35.817 80 80 80z\"><\/path><\/svg>\t\t\t\t<\/span>\n\t\t\t<\/div>\n\t\t\t\n\t\t\t\t\t\t<div class=\"elementor-icon-box-content\">\n\n\t\t\t\t\t\t\t\t\t<h5 class=\"elementor-icon-box-title\">\n\t\t\t\t\t\t<span  >\n\t\t\t\t\t\t\t\u0160irokobrije\u0161ka 4 (Brda), Split\t\t\t\t\t\t<\/span>\n\t\t\t\t\t<\/h5>\n\t\t\t\t\n\t\t\t\t\n\t\t\t<\/div>\n\t\t\t\n\t\t<\/div>\n\t\t\t\t\t\t<\/div>\n\t\t\t\t<\/div>\n\t\t\t\t<\/div>\n\t\t<div class=\"elementor-element elementor-element-c5f511e e-con-full e-flex e-con e-child\" data-id=\"c5f511e\" data-element_type=\"container\">\n\t\t\t\t<div class=\"elementor-element elementor-element-e2f9756 elementor-align-right elementor-tablet-align-center elementor-widget elementor-widget-button\" data-id=\"e2f9756\" data-element_type=\"widget\" data-widget_type=\"button.default\">\n\t\t\t\t<div class=\"elementor-widget-container\">\n\t\t\t\t\t\t\t\t\t<div class=\"elementor-button-wrapper\">\n\t\t\t\t\t<a class=\"elementor-button elementor-button-link elementor-size-sm\" href=\"https:\/\/zeljkobarisic.org\/stomatoloskaordinacija\/kontakt\/\">\n\t\t\t\t\t\t<span class=\"elementor-button-content-wrapper\">\n\t\t\t\t\t\t\t\t\t<span class=\"elementor-button-text\">Zaka\u017eite pregled<\/span>\n\t\t\t\t\t<\/span>\n\t\t\t\t\t<\/a>\n\t\t\t\t<\/div>\n\t\t\t\t\t\t\t\t<\/div>\n\t\t\t\t<\/div>\n\t\t\t\t<\/div>\n\t\t\t\t\t<\/div>\n\t\t\t\t<\/div>\n\t\t\t\t<\/div>\n\t\t","protected":false},"excerpt":{"rendered":"<p>O NAMA Na\u0161a pri\u010da \u2018Stomatolo\u0161ka ordinacija \u017deljko Bari\u0161i\u0107 dr. stom.\u2019\u00a0po\u010dela je s radom 01.VIII.1998. Od tada pa do danas ona neprekidno i uspje\u0161no radi uz stru\u010dno vodstvo osniva\u010da i voditelja dr. \u017deljka Bari\u0161i\u0107a. U suradnji s tehni\u010dkim laboratorijima ordinacija pru\u017ea usluge iz svih stomatolo\u0161kih disciplina.\u00a0Ordinacija je opremljena suvremenom i provjerenom opremom s kojom je mogu\u0107e [&hellip;]<\/p>\n","protected":false},"author":1,"featured_media":0,"parent":0,"menu_order":0,"comment_status":"closed","ping_status":"closed","template":"","meta":{"site-sidebar-layout":"no-sidebar","site-content-layout":"page-builder","ast-site-content-layout":"full-width-container","site-content-style":"unboxed","site-sidebar-style":"unboxed","ast-global-header-display":"","ast-banner-title-visibility":"","ast-main-header-display":"","ast-hfb-above-header-display":"","ast-hfb-below-header-display":"","ast-hfb-mobile-header-display":"","site-post-title":"disabled","ast-breadcrumbs-content":"","ast-featured-img":"disabled","footer-sml-layout":"","theme-transparent-header-meta":"disabled","adv-header-id-meta":"","stick-header-meta":"","header-above-stick-meta":"","header-main-stick-meta":"","header-below-stick-meta":"","astra-migrate-meta-layouts":"set","ast-page-background-enabled":"default","ast-page-background-meta":{"desktop":{"background-color":"","background-image":"","background-repeat":"repeat","background-position":"center center","background-size":"auto","background-attachment":"scroll","background-type":"","background-media":"","overlay-type":"","overlay-color":"","overlay-opacity":"","overlay-gradient":""},"tablet":{"background-color":"","background-image":"","background-repeat":"repeat","background-position":"center center","background-size":"auto","background-attachment":"scroll","background-type":"","background-media":"","overlay-type":"","overlay-color":"","overlay-opacity":"","overlay-gradient":""},"mobile":{"background-color":"","background-image":"","background-repeat":"repeat","background-position":"center center","background-size":"auto","background-attachment":"scroll","background-type":"","background-media":"","overlay-type":"","overlay-color":"","overlay-opacity":"","overlay-gradient":""}},"ast-content-background-meta":{"desktop":{"background-color":"var(--ast-global-color-5)","background-image":"","background-repeat":"repeat","background-position":"center center","background-size":"auto","background-attachment":"scroll","background-type":"","background-media":"","overlay-type":"","overlay-color":"","overlay-opacity":"","overlay-gradient":""},"tablet":{"background-color":"var(--ast-global-color-5)","background-image":"","background-repeat":"repeat","background-position":"center center","background-size":"auto","background-attachment":"scroll","background-type":"","background-media":"","overlay-type":"","overlay-color":"","overlay-opacity":"","overlay-gradient":""},"mobile":{"background-color":"var(--ast-global-color-5)","background-image":"","background-repeat":"repeat","background-position":"center center","background-size":"auto","background-attachment":"scroll","background-type":"","background-media":"","overlay-type":"","overlay-color":"","overlay-opacity":"","overlay-gradient":""}},"footnotes":""},"yoast_head":"<!-- This site is optimized with the Yoast SEO plugin v23.5 - https:\/\/yoast.com\/wordpress\/plugins\/seo\/ -->\n<title>O ordinaciji \/ About the dental office - Stomatolo&scaron;ka ordinacija dr. \u017deljko Bari&scaron;i\u0107<\/title>\n<meta name=\"robots\" content=\"index, follow, max-snippet:-1, max-image-preview:large, max-video-preview:-1\" \/>\n<link rel=\"canonical\" href=\"https:\/\/zeljkobarisic.org\/stomatoloskaordinacija\/o-ordinaciji\/\" \/>\n<meta property=\"og:locale\" content=\"hr_HR\" \/>\n<meta property=\"og:type\" content=\"article\" \/>\n<meta property=\"og:title\" content=\"O ordinaciji \/ About the dental office - Stomatolo&scaron;ka ordinacija dr. \u017deljko Bari&scaron;i\u0107\" \/>\n<meta property=\"og:description\" content=\"O NAMA Na\u0161a pri\u010da \u2018Stomatolo\u0161ka ordinacija \u017deljko Bari\u0161i\u0107 dr. stom.\u2019\u00a0po\u010dela je s radom 01.VIII.1998. Od tada pa do danas ona neprekidno i uspje\u0161no radi uz stru\u010dno vodstvo osniva\u010da i voditelja dr. \u017deljka Bari\u0161i\u0107a. U suradnji s tehni\u010dkim laboratorijima ordinacija pru\u017ea usluge iz svih stomatolo\u0161kih disciplina.\u00a0Ordinacija je opremljena suvremenom i provjerenom opremom s kojom je mogu\u0107e [&hellip;]\" \/>\n<meta property=\"og:url\" content=\"https:\/\/zeljkobarisic.org\/stomatoloskaordinacija\/o-ordinaciji\/\" \/>\n<meta property=\"og:site_name\" content=\"Stomatolo&scaron;ka ordinacija dr. \u017deljko Bari&scaron;i\u0107\" \/>\n<meta property=\"article:modified_time\" content=\"2024-02-13T08:45:42+00:00\" \/>\n<meta property=\"og:image\" content=\"https:\/\/zeljkobarisic.org\/stomatoloskaordinacija\/wp-content\/uploads\/2024\/02\/o_nama_picture.jpg\" \/>\n<meta name=\"twitter:card\" content=\"summary_large_image\" \/>\n<meta name=\"twitter:label1\" content=\"Procijenjeno vrijeme \u010ditanja\" \/>\n\t<meta name=\"twitter:data1\" content=\"2 minute\" \/>\n<script type=\"application\/ld+json\" class=\"yoast-schema-graph\">{\"@context\":\"https:\/\/schema.org\",\"@graph\":[{\"@type\":\"WebPage\",\"@id\":\"https:\/\/zeljkobarisic.org\/stomatoloskaordinacija\/o-ordinaciji\/\",\"url\":\"https:\/\/zeljkobarisic.org\/stomatoloskaordinacija\/o-ordinaciji\/\",\"name\":\"O ordinaciji \/ About the dental office - Stomatolo&scaron;ka ordinacija dr. \u017deljko Bari&scaron;i\u0107\",\"isPartOf\":{\"@id\":\"https:\/\/zeljkobarisic.org\/stomatoloskaordinacija\/#website\"},\"primaryImageOfPage\":{\"@id\":\"https:\/\/zeljkobarisic.org\/stomatoloskaordinacija\/o-ordinaciji\/#primaryimage\"},\"image\":{\"@id\":\"https:\/\/zeljkobarisic.org\/stomatoloskaordinacija\/o-ordinaciji\/#primaryimage\"},\"thumbnailUrl\":\"https:\/\/zeljkobarisic.org\/stomatoloskaordinacija\/wp-content\/uploads\/2024\/02\/o_nama_picture.jpg\",\"datePublished\":\"2021-04-29T07:04:40+00:00\",\"dateModified\":\"2024-02-13T08:45:42+00:00\",\"breadcrumb\":{\"@id\":\"https:\/\/zeljkobarisic.org\/stomatoloskaordinacija\/o-ordinaciji\/#breadcrumb\"},\"inLanguage\":\"hr\",\"potentialAction\":[{\"@type\":\"ReadAction\",\"target\":[\"https:\/\/zeljkobarisic.org\/stomatoloskaordinacija\/o-ordinaciji\/\"]}]},{\"@type\":\"ImageObject\",\"inLanguage\":\"hr\",\"@id\":\"https:\/\/zeljkobarisic.org\/stomatoloskaordinacija\/o-ordinaciji\/#primaryimage\",\"url\":\"https:\/\/zeljkobarisic.org\/stomatoloskaordinacija\/wp-content\/uploads\/2024\/02\/o_nama_picture.jpg\",\"contentUrl\":\"https:\/\/zeljkobarisic.org\/stomatoloskaordinacija\/wp-content\/uploads\/2024\/02\/o_nama_picture.jpg\",\"width\":768,\"height\":708,\"caption\":\"dr. \u017deljko Bari\u0161i\u0107\"},{\"@type\":\"BreadcrumbList\",\"@id\":\"https:\/\/zeljkobarisic.org\/stomatoloskaordinacija\/o-ordinaciji\/#breadcrumb\",\"itemListElement\":[{\"@type\":\"ListItem\",\"position\":1,\"name\":\"Home\",\"item\":\"https:\/\/zeljkobarisic.org\/stomatoloskaordinacija\/\"},{\"@type\":\"ListItem\",\"position\":2,\"name\":\"O ordinaciji \/ About the dental office\"}]},{\"@type\":\"WebSite\",\"@id\":\"https:\/\/zeljkobarisic.org\/stomatoloskaordinacija\/#website\",\"url\":\"https:\/\/zeljkobarisic.org\/stomatoloskaordinacija\/\",\"name\":\"Stomatolo&scaron;ka ordinacija dr. \u017deljko Bari&scaron;i\u0107\",\"description\":\"&Scaron;irokobrije&scaron;ka 4 (Brda) \\t  21000 Split        Mob: 098 432 744\",\"publisher\":{\"@id\":\"https:\/\/zeljkobarisic.org\/stomatoloskaordinacija\/#organization\"},\"potentialAction\":[{\"@type\":\"SearchAction\",\"target\":{\"@type\":\"EntryPoint\",\"urlTemplate\":\"https:\/\/zeljkobarisic.org\/stomatoloskaordinacija\/?s={search_term_string}\"},\"query-input\":{\"@type\":\"PropertyValueSpecification\",\"valueRequired\":true,\"valueName\":\"search_term_string\"}}],\"inLanguage\":\"hr\"},{\"@type\":\"Organization\",\"@id\":\"https:\/\/zeljkobarisic.org\/stomatoloskaordinacija\/#organization\",\"name\":\"Stomatolo&scaron;ka ordinacija dr. \u017deljko Bari&scaron;i\u0107\",\"url\":\"https:\/\/zeljkobarisic.org\/stomatoloskaordinacija\/\",\"logo\":{\"@type\":\"ImageObject\",\"inLanguage\":\"hr\",\"@id\":\"https:\/\/zeljkobarisic.org\/stomatoloskaordinacija\/#\/schema\/logo\/image\/\",\"url\":\"https:\/\/zeljkobarisic.org\/stomatoloskaordinacija\/wp-content\/uploads\/2024\/01\/cropped-logo_zb.png\",\"contentUrl\":\"https:\/\/zeljkobarisic.org\/stomatoloskaordinacija\/wp-content\/uploads\/2024\/01\/cropped-logo_zb.png\",\"width\":221,\"height\":93,\"caption\":\"Stomatolo&scaron;ka ordinacija dr. \u017deljko Bari&scaron;i\u0107\"},\"image\":{\"@id\":\"https:\/\/zeljkobarisic.org\/stomatoloskaordinacija\/#\/schema\/logo\/image\/\"}}]}<\/script>\n<!-- \/ Yoast SEO plugin. -->","yoast_head_json":{"title":"O ordinaciji \/ About the dental office - Stomatolo&scaron;ka ordinacija dr. \u017deljko Bari&scaron;i\u0107","robots":{"index":"index","follow":"follow","max-snippet":"max-snippet:-1","max-image-preview":"max-image-preview:large","max-video-preview":"max-video-preview:-1"},"canonical":"https:\/\/zeljkobarisic.org\/stomatoloskaordinacija\/o-ordinaciji\/","og_locale":"hr_HR","og_type":"article","og_title":"O ordinaciji \/ About the dental office - Stomatolo&scaron;ka ordinacija dr. \u017deljko Bari&scaron;i\u0107","og_description":"O NAMA Na\u0161a pri\u010da \u2018Stomatolo\u0161ka ordinacija \u017deljko Bari\u0161i\u0107 dr. stom.\u2019\u00a0po\u010dela je s radom 01.VIII.1998. Od tada pa do danas ona neprekidno i uspje\u0161no radi uz stru\u010dno vodstvo osniva\u010da i voditelja dr. \u017deljka Bari\u0161i\u0107a. U suradnji s tehni\u010dkim laboratorijima ordinacija pru\u017ea usluge iz svih stomatolo\u0161kih disciplina.\u00a0Ordinacija je opremljena suvremenom i provjerenom opremom s kojom je mogu\u0107e [&hellip;]","og_url":"https:\/\/zeljkobarisic.org\/stomatoloskaordinacija\/o-ordinaciji\/","og_site_name":"Stomatolo&scaron;ka ordinacija dr. \u017deljko Bari&scaron;i\u0107","article_modified_time":"2024-02-13T08:45:42+00:00","og_image":[{"url":"https:\/\/zeljkobarisic.org\/stomatoloskaordinacija\/wp-content\/uploads\/2024\/02\/o_nama_picture.jpg"}],"twitter_card":"summary_large_image","twitter_misc":{"Procijenjeno vrijeme \u010ditanja":"2 minute"},"schema":{"@context":"https:\/\/schema.org","@graph":[{"@type":"WebPage","@id":"https:\/\/zeljkobarisic.org\/stomatoloskaordinacija\/o-ordinaciji\/","url":"https:\/\/zeljkobarisic.org\/stomatoloskaordinacija\/o-ordinaciji\/","name":"O ordinaciji \/ About the dental office - Stomatolo&scaron;ka ordinacija dr. \u017deljko Bari&scaron;i\u0107","isPartOf":{"@id":"https:\/\/zeljkobarisic.org\/stomatoloskaordinacija\/#website"},"primaryImageOfPage":{"@id":"https:\/\/zeljkobarisic.org\/stomatoloskaordinacija\/o-ordinaciji\/#primaryimage"},"image":{"@id":"https:\/\/zeljkobarisic.org\/stomatoloskaordinacija\/o-ordinaciji\/#primaryimage"},"thumbnailUrl":"https:\/\/zeljkobarisic.org\/stomatoloskaordinacija\/wp-content\/uploads\/2024\/02\/o_nama_picture.jpg","datePublished":"2021-04-29T07:04:40+00:00","dateModified":"2024-02-13T08:45:42+00:00","breadcrumb":{"@id":"https:\/\/zeljkobarisic.org\/stomatoloskaordinacija\/o-ordinaciji\/#breadcrumb"},"inLanguage":"hr","potentialAction":[{"@type":"ReadAction","target":["https:\/\/zeljkobarisic.org\/stomatoloskaordinacija\/o-ordinaciji\/"]}]},{"@type":"ImageObject","inLanguage":"hr","@id":"https:\/\/zeljkobarisic.org\/stomatoloskaordinacija\/o-ordinaciji\/#primaryimage","url":"https:\/\/zeljkobarisic.org\/stomatoloskaordinacija\/wp-content\/uploads\/2024\/02\/o_nama_picture.jpg","contentUrl":"https:\/\/zeljkobarisic.org\/stomatoloskaordinacija\/wp-content\/uploads\/2024\/02\/o_nama_picture.jpg","width":768,"height":708,"caption":"dr. \u017deljko Bari\u0161i\u0107"},{"@type":"BreadcrumbList","@id":"https:\/\/zeljkobarisic.org\/stomatoloskaordinacija\/o-ordinaciji\/#breadcrumb","itemListElement":[{"@type":"ListItem","position":1,"name":"Home","item":"https:\/\/zeljkobarisic.org\/stomatoloskaordinacija\/"},{"@type":"ListItem","position":2,"name":"O ordinaciji \/ About the dental office"}]},{"@type":"WebSite","@id":"https:\/\/zeljkobarisic.org\/stomatoloskaordinacija\/#website","url":"https:\/\/zeljkobarisic.org\/stomatoloskaordinacija\/","name":"Stomatolo&scaron;ka ordinacija dr. \u017deljko Bari&scaron;i\u0107","description":"&Scaron;irokobrije&scaron;ka 4 (Brda) \t  21000 Split        Mob: 098 432 744","publisher":{"@id":"https:\/\/zeljkobarisic.org\/stomatoloskaordinacija\/#organization"},"potentialAction":[{"@type":"SearchAction","target":{"@type":"EntryPoint","urlTemplate":"https:\/\/zeljkobarisic.org\/stomatoloskaordinacija\/?s={search_term_string}"},"query-input":{"@type":"PropertyValueSpecification","valueRequired":true,"valueName":"search_term_string"}}],"inLanguage":"hr"},{"@type":"Organization","@id":"https:\/\/zeljkobarisic.org\/stomatoloskaordinacija\/#organization","name":"Stomatolo&scaron;ka ordinacija dr. \u017deljko Bari&scaron;i\u0107","url":"https:\/\/zeljkobarisic.org\/stomatoloskaordinacija\/","logo":{"@type":"ImageObject","inLanguage":"hr","@id":"https:\/\/zeljkobarisic.org\/stomatoloskaordinacija\/#\/schema\/logo\/image\/","url":"https:\/\/zeljkobarisic.org\/stomatoloskaordinacija\/wp-content\/uploads\/2024\/01\/cropped-logo_zb.png","contentUrl":"https:\/\/zeljkobarisic.org\/stomatoloskaordinacija\/wp-content\/uploads\/2024\/01\/cropped-logo_zb.png","width":221,"height":93,"caption":"Stomatolo&scaron;ka ordinacija dr. \u017deljko Bari&scaron;i\u0107"},"image":{"@id":"https:\/\/zeljkobarisic.org\/stomatoloskaordinacija\/#\/schema\/logo\/image\/"}}]}},"_links":{"self":[{"href":"https:\/\/zeljkobarisic.org\/stomatoloskaordinacija\/wp-json\/wp\/v2\/pages\/1223"}],"collection":[{"href":"https:\/\/zeljkobarisic.org\/stomatoloskaordinacija\/wp-json\/wp\/v2\/pages"}],"about":[{"href":"https:\/\/zeljkobarisic.org\/stomatoloskaordinacija\/wp-json\/wp\/v2\/types\/page"}],"author":[{"embeddable":true,"href":"https:\/\/zeljkobarisic.org\/stomatoloskaordinacija\/wp-json\/wp\/v2\/users\/1"}],"replies":[{"embeddable":true,"href":"https:\/\/zeljkobarisic.org\/stomatoloskaordinacija\/wp-json\/wp\/v2\/comments?post=1223"}],"version-history":[{"count":101,"href":"https:\/\/zeljkobarisic.org\/stomatoloskaordinacija\/wp-json\/wp\/v2\/pages\/1223\/revisions"}],"predecessor-version":[{"id":1688,"href":"https:\/\/zeljkobarisic.org\/stomatoloskaordinacija\/wp-json\/wp\/v2\/pages\/1223\/revisions\/1688"}],"wp:attachment":[{"href":"https:\/\/zeljkobarisic.org\/stomatoloskaordinacija\/wp-json\/wp\/v2\/media?parent=1223"}],"curies":[{"name":"wp","href":"https:\/\/api.w.org\/{rel}","templated":true}]}}