{"id":14,"date":"2021-04-29T07:05:17","date_gmt":"2021-04-29T07:05:17","guid":{"rendered":"https:\/\/zeljkobarisic.org\/stomatoloskaordinacija\/contact\/"},"modified":"2024-03-05T12:48:15","modified_gmt":"2024-03-05T11:48:15","slug":"kontakt","status":"publish","type":"page","link":"https:\/\/zeljkobarisic.org\/stomatoloskaordinacija\/kontakt\/","title":{"rendered":"Kontakt \/ Contact"},"content":{"rendered":"\t\t<div data-elementor-type=\"wp-page\" data-elementor-id=\"14\" class=\"elementor elementor-14\">\n\t\t\t\t<div class=\"elementor-element elementor-element-4601e0a e-flex e-con-boxed e-con e-parent\" data-id=\"4601e0a\" data-element_type=\"container\" data-settings=\"{&quot;background_background&quot;:&quot;classic&quot;}\">\n\t\t\t\t\t<div class=\"e-con-inner\">\n\t\t<div class=\"elementor-element elementor-element-a4e2757 e-con-full e-flex e-con e-child\" data-id=\"a4e2757\" data-element_type=\"container\">\n\t\t\t\t<div class=\"elementor-element elementor-element-9668cce elementor-widget elementor-widget-heading\" data-id=\"9668cce\" data-element_type=\"widget\" data-widget_type=\"heading.default\">\n\t\t\t\t<div class=\"elementor-widget-container\">\n\t\t\t\t\t<h1 class=\"elementor-heading-title elementor-size-default\">KONTAKT<\/h1>\t\t\t\t<\/div>\n\t\t\t\t<\/div>\n\t\t\t\t<\/div>\n\t\t\t\t\t<\/div>\n\t\t\t\t<\/div>\n\t\t<div class=\"elementor-element elementor-element-58a0071 e-flex e-con-boxed e-con e-parent\" data-id=\"58a0071\" data-element_type=\"container\">\n\t\t\t\t\t<div class=\"e-con-inner\">\n\t\t<div class=\"elementor-element elementor-element-7ae272a e-con-full e-flex e-con e-child\" data-id=\"7ae272a\" data-element_type=\"container\">\n\t\t<div class=\"elementor-element elementor-element-6a84849 e-flex e-con-boxed e-con e-child\" data-id=\"6a84849\" data-element_type=\"container\" data-settings=\"{&quot;background_background&quot;:&quot;classic&quot;}\">\n\t\t\t\t\t<div class=\"e-con-inner\">\n\t\t<div class=\"elementor-element elementor-element-603498e e-con-full e-flex e-con e-child\" data-id=\"603498e\" data-element_type=\"container\">\n\t\t\t\t<div class=\"elementor-element elementor-element-4942808 elementor-widget elementor-widget-wpforms\" data-id=\"4942808\" data-element_type=\"widget\" data-widget_type=\"wpforms.default\">\n\t\t\t\t<div class=\"elementor-widget-container\">\n\t\t\t\t\t<div class=\"wpforms-container \" id=\"wpforms-1209\"><form id=\"wpforms-form-1209\" class=\"wpforms-validate wpforms-form\" data-formid=\"1209\" method=\"post\" enctype=\"multipart\/form-data\" action=\"\/stomatoloskaordinacija\/wp-json\/wp\/v2\/pages\/14\" data-token=\"4781b54efdc3f0f4dffd733ee93a0835\" data-token-time=\"1777553987\"><noscript class=\"wpforms-error-noscript\">Please enable JavaScript in your browser to complete this form.<\/noscript><div class=\"wpforms-field-container\"><div id=\"wpforms-1209-field_0-container\" class=\"wpforms-field wpforms-field-name\" data-field-id=\"0\"><label class=\"wpforms-field-label wpforms-label-hide\" for=\"wpforms-1209-field_0\">Ime <span class=\"wpforms-required-label\">*<\/span><\/label><input type=\"text\" id=\"wpforms-1209-field_0\" class=\"wpforms-field-large wpforms-field-required\" name=\"wpforms[fields][0]\" placeholder=\"Ime\" required><\/div><div id=\"wpforms-1209-field_1-container\" class=\"wpforms-field wpforms-field-email\" data-field-id=\"1\"><label class=\"wpforms-field-label wpforms-label-hide\" for=\"wpforms-1209-field_1\">Email <span class=\"wpforms-required-label\">*<\/span><\/label><input type=\"email\" id=\"wpforms-1209-field_1\" class=\"wpforms-field-large wpforms-field-required\" name=\"wpforms[fields][1]\" placeholder=\"Email\" spellcheck=\"false\" required><\/div><div id=\"wpforms-1209-field_2-container\" class=\"wpforms-field wpforms-field-textarea\" data-field-id=\"2\"><label class=\"wpforms-field-label wpforms-label-hide\" for=\"wpforms-1209-field_2\">Poruka <span class=\"wpforms-required-label\">*<\/span><\/label><textarea id=\"wpforms-1209-field_2\" class=\"wpforms-field-medium wpforms-field-required\" name=\"wpforms[fields][2]\" placeholder=\"Poruka\" required><\/textarea><\/div><\/div><!-- .wpforms-field-container --><div class=\"wpforms-submit-container\" ><input type=\"hidden\" name=\"wpforms[id]\" value=\"1209\"><input type=\"hidden\" name=\"page_title\" value=\"\"><input type=\"hidden\" name=\"page_url\" value=\"https:\/\/zeljkobarisic.org\/stomatoloskaordinacija\/wp-json\/wp\/v2\/pages\/14\"><input type=\"hidden\" name=\"url_referer\" value=\"\"><button type=\"submit\" name=\"wpforms[submit]\" id=\"wpforms-submit-1209\" class=\"wpforms-submit\" data-alt-text=\"\u0160aljem...\" data-submit-text=\"Po\u0161alji poruku\" aria-live=\"assertive\" value=\"wpforms-submit\">Po\u0161alji poruku<\/button><\/div><\/form><\/div>  <!-- .wpforms-container -->\t\t\t\t<\/div>\n\t\t\t\t<\/div>\n\t\t\t\t<\/div>\n\t\t<div class=\"elementor-element elementor-element-2615901 e-con-full e-flex e-con e-child\" data-id=\"2615901\" data-element_type=\"container\" data-settings=\"{&quot;background_background&quot;:&quot;classic&quot;}\">\n\t\t\t\t<div class=\"elementor-element elementor-element-26b19e9 elementor-widget elementor-widget-heading\" data-id=\"26b19e9\" data-element_type=\"widget\" data-widget_type=\"heading.default\">\n\t\t\t\t<div class=\"elementor-widget-container\">\n\t\t\t\t\t<h2 class=\"elementor-heading-title elementor-size-default\">Imate upit?<\/h2>\t\t\t\t<\/div>\n\t\t\t\t<\/div>\n\t\t\t\t<div class=\"elementor-element elementor-element-eaf46dd elementor-widget elementor-widget-text-editor\" data-id=\"eaf46dd\" data-element_type=\"widget\" data-widget_type=\"text-editor.default\">\n\t\t\t\t<div class=\"elementor-widget-container\">\n\t\t\t\t\t\t\t\t\t<p>Za svaki Va\u0161 upit stojimo na raspolaganju.<\/p>\t\t\t\t\t\t\t\t<\/div>\n\t\t\t\t<\/div>\n\t\t\t\t<div class=\"elementor-element elementor-element-08be958 elementor-widget-divider--view-line elementor-widget elementor-widget-divider\" data-id=\"08be958\" data-element_type=\"widget\" data-widget_type=\"divider.default\">\n\t\t\t\t<div class=\"elementor-widget-container\">\n\t\t\t\t\t\t\t<div class=\"elementor-divider\">\n\t\t\t<span class=\"elementor-divider-separator\">\n\t\t\t\t\t\t<\/span>\n\t\t<\/div>\n\t\t\t\t\t\t<\/div>\n\t\t\t\t<\/div>\n\t\t\t\t<div class=\"elementor-element elementor-element-aa06269 elementor-view-stacked elementor-vertical-align-middle elementor-position-left elementor-shape-circle elementor-mobile-position-top elementor-widget elementor-widget-icon-box\" data-id=\"aa06269\" data-element_type=\"widget\" data-widget_type=\"icon-box.default\">\n\t\t\t\t<div class=\"elementor-widget-container\">\n\t\t\t\t\t\t\t<div class=\"elementor-icon-box-wrapper\">\n\n\t\t\t\t\t\t<div class=\"elementor-icon-box-icon\">\n\t\t\t\t<span  class=\"elementor-icon\">\n\t\t\t\t<svg aria-hidden=\"true\" class=\"e-font-icon-svg e-fas-phone-alt\" viewBox=\"0 0 512 512\" xmlns=\"http:\/\/www.w3.org\/2000\/svg\"><path d=\"M497.39 361.8l-112-48a24 24 0 0 0-28 6.9l-49.6 60.6A370.66 370.66 0 0 1 130.6 204.11l60.6-49.6a23.94 23.94 0 0 0 6.9-28l-48-112A24.16 24.16 0 0 0 122.6.61l-104 24A24 24 0 0 0 0 48c0 256.5 207.9 464 464 464a24 24 0 0 0 23.4-18.6l24-104a24.29 24.29 0 0 0-14.01-27.6z\"><\/path><\/svg>\t\t\t\t<\/span>\n\t\t\t<\/div>\n\t\t\t\n\t\t\t\t\t\t<div class=\"elementor-icon-box-content\">\n\n\t\t\t\t\t\t\t\t\t<h4 class=\"elementor-icon-box-title\">\n\t\t\t\t\t\t<span  >\n\t\t\t\t\t\t\t 00385 (0) 21 509 076\t\t\t\t\t\t<\/span>\n\t\t\t\t\t<\/h4>\n\t\t\t\t\n\t\t\t\t\n\t\t\t<\/div>\n\t\t\t\n\t\t<\/div>\n\t\t\t\t\t\t<\/div>\n\t\t\t\t<\/div>\n\t\t\t\t<div class=\"elementor-element elementor-element-faeb5ba elementor-view-stacked elementor-vertical-align-middle elementor-position-left elementor-shape-circle elementor-mobile-position-top elementor-widget elementor-widget-icon-box\" data-id=\"faeb5ba\" data-element_type=\"widget\" data-widget_type=\"icon-box.default\">\n\t\t\t\t<div class=\"elementor-widget-container\">\n\t\t\t\t\t\t\t<div class=\"elementor-icon-box-wrapper\">\n\n\t\t\t\t\t\t<div class=\"elementor-icon-box-icon\">\n\t\t\t\t<span  class=\"elementor-icon\">\n\t\t\t\t<svg aria-hidden=\"true\" class=\"e-font-icon-svg e-fas-mobile-alt\" viewBox=\"0 0 320 512\" xmlns=\"http:\/\/www.w3.org\/2000\/svg\"><path d=\"M272 0H48C21.5 0 0 21.5 0 48v416c0 26.5 21.5 48 48 48h224c26.5 0 48-21.5 48-48V48c0-26.5-21.5-48-48-48zM160 480c-17.7 0-32-14.3-32-32s14.3-32 32-32 32 14.3 32 32-14.3 32-32 32zm112-108c0 6.6-5.4 12-12 12H60c-6.6 0-12-5.4-12-12V60c0-6.6 5.4-12 12-12h200c6.6 0 12 5.4 12 12v312z\"><\/path><\/svg>\t\t\t\t<\/span>\n\t\t\t<\/div>\n\t\t\t\n\t\t\t\t\t\t<div class=\"elementor-icon-box-content\">\n\n\t\t\t\t\t\t\t\t\t<h4 class=\"elementor-icon-box-title\">\n\t\t\t\t\t\t<span  >\n\t\t\t\t\t\t\t00385 (0) 98 432 744\t\t\t\t\t\t<\/span>\n\t\t\t\t\t<\/h4>\n\t\t\t\t\n\t\t\t\t\n\t\t\t<\/div>\n\t\t\t\n\t\t<\/div>\n\t\t\t\t\t\t<\/div>\n\t\t\t\t<\/div>\n\t\t\t\t<div class=\"elementor-element elementor-element-3a1dec0 elementor-view-stacked elementor-vertical-align-middle elementor-position-left elementor-shape-circle elementor-mobile-position-top elementor-widget elementor-widget-icon-box\" data-id=\"3a1dec0\" data-element_type=\"widget\" data-widget_type=\"icon-box.default\">\n\t\t\t\t<div class=\"elementor-widget-container\">\n\t\t\t\t\t\t\t<div class=\"elementor-icon-box-wrapper\">\n\n\t\t\t\t\t\t<div class=\"elementor-icon-box-icon\">\n\t\t\t\t<span  class=\"elementor-icon\">\n\t\t\t\t<svg aria-hidden=\"true\" class=\"e-font-icon-svg e-fas-envelope\" viewBox=\"0 0 512 512\" xmlns=\"http:\/\/www.w3.org\/2000\/svg\"><path d=\"M502.3 190.8c3.9-3.1 9.7-.2 9.7 4.7V400c0 26.5-21.5 48-48 48H48c-26.5 0-48-21.5-48-48V195.6c0-5 5.7-7.8 9.7-4.7 22.4 17.4 52.1 39.5 154.1 113.6 21.1 15.4 56.7 47.8 92.2 47.6 35.7.3 72-32.8 92.3-47.6 102-74.1 131.6-96.3 154-113.7zM256 320c23.2.4 56.6-29.2 73.4-41.4 132.7-96.3 142.8-104.7 173.4-128.7 5.8-4.5 9.2-11.5 9.2-18.9v-19c0-26.5-21.5-48-48-48H48C21.5 64 0 85.5 0 112v19c0 7.4 3.4 14.3 9.2 18.9 30.6 23.9 40.7 32.4 173.4 128.7 16.8 12.2 50.2 41.8 73.4 41.4z\"><\/path><\/svg>\t\t\t\t<\/span>\n\t\t\t<\/div>\n\t\t\t\n\t\t\t\t\t\t<div class=\"elementor-icon-box-content\">\n\n\t\t\t\t\t\t\t\t\t<h4 class=\"elementor-icon-box-title\">\n\t\t\t\t\t\t<span  >\n\t\t\t\t\t\t\tdr@zeljkobarisic.org\t\t\t\t\t\t<\/span>\n\t\t\t\t\t<\/h4>\n\t\t\t\t\n\t\t\t\t\n\t\t\t<\/div>\n\t\t\t\n\t\t<\/div>\n\t\t\t\t\t\t<\/div>\n\t\t\t\t<\/div>\n\t\t\t\t<div class=\"elementor-element elementor-element-913aa4a elementor-view-stacked elementor-vertical-align-middle elementor-position-left elementor-shape-circle elementor-mobile-position-top elementor-widget elementor-widget-icon-box\" data-id=\"913aa4a\" data-element_type=\"widget\" data-widget_type=\"icon-box.default\">\n\t\t\t\t<div class=\"elementor-widget-container\">\n\t\t\t\t\t\t\t<div class=\"elementor-icon-box-wrapper\">\n\n\t\t\t\t\t\t<div class=\"elementor-icon-box-icon\">\n\t\t\t\t<span  class=\"elementor-icon\">\n\t\t\t\t<svg aria-hidden=\"true\" class=\"e-font-icon-svg e-fas-map-marker-alt\" viewBox=\"0 0 384 512\" xmlns=\"http:\/\/www.w3.org\/2000\/svg\"><path d=\"M172.268 501.67C26.97 291.031 0 269.413 0 192 0 85.961 85.961 0 192 0s192 85.961 192 192c0 77.413-26.97 99.031-172.268 309.67-9.535 13.774-29.93 13.773-39.464 0zM192 272c44.183 0 80-35.817 80-80s-35.817-80-80-80-80 35.817-80 80 35.817 80 80 80z\"><\/path><\/svg>\t\t\t\t<\/span>\n\t\t\t<\/div>\n\t\t\t\n\t\t\t\t\t\t<div class=\"elementor-icon-box-content\">\n\n\t\t\t\t\t\t\t\t\t<h4 class=\"elementor-icon-box-title\">\n\t\t\t\t\t\t<span  >\n\t\t\t\t\t\t\t\u0160irokobrije\u0161ka 4 (Brda), Split  | Hrvatska\t\t\t\t\t\t<\/span>\n\t\t\t\t\t<\/h4>\n\t\t\t\t\n\t\t\t\t\n\t\t\t<\/div>\n\t\t\t\n\t\t<\/div>\n\t\t\t\t\t\t<\/div>\n\t\t\t\t<\/div>\n\t\t\t\t<\/div>\n\t\t\t\t\t<\/div>\n\t\t\t\t<\/div>\n\t\t\t\t<\/div>\n\t\t\t\t\t<\/div>\n\t\t\t\t<\/div>\n\t\t<div class=\"elementor-element elementor-element-5d5b63f e-con-full e-flex e-con e-parent\" data-id=\"5d5b63f\" data-element_type=\"container\">\n\t\t<div class=\"elementor-element elementor-element-89507cd e-con-full e-flex e-con e-child\" data-id=\"89507cd\" data-element_type=\"container\">\n\t\t\t\t<div class=\"elementor-element elementor-element-a42064e elementor-widget elementor-widget-google_maps\" data-id=\"a42064e\" data-element_type=\"widget\" data-widget_type=\"google_maps.default\">\n\t\t\t\t<div class=\"elementor-widget-container\">\n\t\t\t\t\t\t\t<div class=\"elementor-custom-embed\">\n\t\t\t<iframe loading=\"lazy\"\n\t\t\t\t\tsrc=\"https:\/\/maps.google.com\/maps?q=%C5%A1irokobrije%C5%A1ka%204%2C%20split&#038;t=m&#038;z=15&#038;output=embed&#038;iwloc=near\"\n\t\t\t\t\ttitle=\"\u0161irokobrije\u0161ka 4, split\"\n\t\t\t\t\taria-label=\"\u0161irokobrije\u0161ka 4, split\"\n\t\t\t><\/iframe>\n\t\t<\/div>\n\t\t\t\t\t\t<\/div>\n\t\t\t\t<\/div>\n\t\t\t\t<\/div>\n\t\t\t\t<\/div>\n\t\t\t\t<\/div>\n\t\t","protected":false},"excerpt":{"rendered":"<p>KONTAKT Please enable JavaScript in your browser to complete this form.Ime *Email *Poruka * Po\u0161alji poruku Imate upit? Za svaki Va\u0161 upit stojimo na raspolaganju. 00385 (0) 21 509 076 00385 (0) 98 432 744 dr@zeljkobarisic.org \u0160irokobrije\u0161ka 4 (Brda), Split | Hrvatska<\/p>\n","protected":false},"author":1,"featured_media":0,"parent":0,"menu_order":0,"comment_status":"closed","ping_status":"closed","template":"","meta":{"site-sidebar-layout":"no-sidebar","site-content-layout":"page-builder","ast-site-content-layout":"full-width-container","site-content-style":"unboxed","site-sidebar-style":"unboxed","ast-global-header-display":"","ast-banner-title-visibility":"","ast-main-header-display":"","ast-hfb-above-header-display":"","ast-hfb-below-header-display":"","ast-hfb-mobile-header-display":"","site-post-title":"disabled","ast-breadcrumbs-content":"","ast-featured-img":"disabled","footer-sml-layout":"","theme-transparent-header-meta":"disabled","adv-header-id-meta":"","stick-header-meta":"","header-above-stick-meta":"","header-main-stick-meta":"","header-below-stick-meta":"","astra-migrate-meta-layouts":"set","ast-page-background-enabled":"default","ast-page-background-meta":{"desktop":{"background-color":"","background-image":"","background-repeat":"repeat","background-position":"center center","background-size":"auto","background-attachment":"scroll","background-type":"","background-media":"","overlay-type":"","overlay-color":"","overlay-opacity":"","overlay-gradient":""},"tablet":{"background-color":"","background-image":"","background-repeat":"repeat","background-position":"center center","background-size":"auto","background-attachment":"scroll","background-type":"","background-media":"","overlay-type":"","overlay-color":"","overlay-opacity":"","overlay-gradient":""},"mobile":{"background-color":"","background-image":"","background-repeat":"repeat","background-position":"center center","background-size":"auto","background-attachment":"scroll","background-type":"","background-media":"","overlay-type":"","overlay-color":"","overlay-opacity":"","overlay-gradient":""}},"ast-content-background-meta":{"desktop":{"background-color":"var(--ast-global-color-5)","background-image":"","background-repeat":"repeat","background-position":"center center","background-size":"auto","background-attachment":"scroll","background-type":"","background-media":"","overlay-type":"","overlay-color":"","overlay-opacity":"","overlay-gradient":""},"tablet":{"background-color":"var(--ast-global-color-5)","background-image":"","background-repeat":"repeat","background-position":"center center","background-size":"auto","background-attachment":"scroll","background-type":"","background-media":"","overlay-type":"","overlay-color":"","overlay-opacity":"","overlay-gradient":""},"mobile":{"background-color":"var(--ast-global-color-5)","background-image":"","background-repeat":"repeat","background-position":"center center","background-size":"auto","background-attachment":"scroll","background-type":"","background-media":"","overlay-type":"","overlay-color":"","overlay-opacity":"","overlay-gradient":""}},"footnotes":""},"yoast_head":"<!-- This site is optimized with the Yoast SEO plugin v23.5 - https:\/\/yoast.com\/wordpress\/plugins\/seo\/ -->\n<title>Kontakt \/ Contact - Stomatolo&scaron;ka ordinacija dr. \u017deljko Bari&scaron;i\u0107<\/title>\n<meta name=\"robots\" content=\"index, follow, max-snippet:-1, max-image-preview:large, max-video-preview:-1\" \/>\n<link rel=\"canonical\" href=\"https:\/\/zeljkobarisic.org\/stomatoloskaordinacija\/kontakt\/\" \/>\n<meta property=\"og:locale\" content=\"hr_HR\" \/>\n<meta property=\"og:type\" content=\"article\" \/>\n<meta property=\"og:title\" content=\"Kontakt \/ Contact - Stomatolo&scaron;ka ordinacija dr. \u017deljko Bari&scaron;i\u0107\" \/>\n<meta property=\"og:description\" content=\"KONTAKT Please enable JavaScript in your browser to complete this form.Ime *Email *Poruka * Po\u0161alji poruku Imate upit? Za svaki Va\u0161 upit stojimo na raspolaganju. 00385 (0) 21 509 076 00385 (0) 98 432 744 dr@zeljkobarisic.org \u0160irokobrije\u0161ka 4 (Brda), Split | Hrvatska\" \/>\n<meta property=\"og:url\" content=\"https:\/\/zeljkobarisic.org\/stomatoloskaordinacija\/kontakt\/\" \/>\n<meta property=\"og:site_name\" content=\"Stomatolo&scaron;ka ordinacija dr. \u017deljko Bari&scaron;i\u0107\" \/>\n<meta property=\"article:modified_time\" content=\"2024-03-05T11:48:15+00:00\" \/>\n<meta name=\"twitter:card\" content=\"summary_large_image\" \/>\n<meta name=\"twitter:label1\" content=\"Procijenjeno vrijeme \u010ditanja\" \/>\n\t<meta name=\"twitter:data1\" content=\"1 minuta\" \/>\n<script type=\"application\/ld+json\" class=\"yoast-schema-graph\">{\"@context\":\"https:\/\/schema.org\",\"@graph\":[{\"@type\":\"WebPage\",\"@id\":\"https:\/\/zeljkobarisic.org\/stomatoloskaordinacija\/kontakt\/\",\"url\":\"https:\/\/zeljkobarisic.org\/stomatoloskaordinacija\/kontakt\/\",\"name\":\"Kontakt \/ Contact - Stomatolo&scaron;ka ordinacija dr. \u017deljko Bari&scaron;i\u0107\",\"isPartOf\":{\"@id\":\"https:\/\/zeljkobarisic.org\/stomatoloskaordinacija\/#website\"},\"datePublished\":\"2021-04-29T07:05:17+00:00\",\"dateModified\":\"2024-03-05T11:48:15+00:00\",\"breadcrumb\":{\"@id\":\"https:\/\/zeljkobarisic.org\/stomatoloskaordinacija\/kontakt\/#breadcrumb\"},\"inLanguage\":\"hr\",\"potentialAction\":[{\"@type\":\"ReadAction\",\"target\":[\"https:\/\/zeljkobarisic.org\/stomatoloskaordinacija\/kontakt\/\"]}]},{\"@type\":\"BreadcrumbList\",\"@id\":\"https:\/\/zeljkobarisic.org\/stomatoloskaordinacija\/kontakt\/#breadcrumb\",\"itemListElement\":[{\"@type\":\"ListItem\",\"position\":1,\"name\":\"Home\",\"item\":\"https:\/\/zeljkobarisic.org\/stomatoloskaordinacija\/\"},{\"@type\":\"ListItem\",\"position\":2,\"name\":\"Kontakt \/ Contact\"}]},{\"@type\":\"WebSite\",\"@id\":\"https:\/\/zeljkobarisic.org\/stomatoloskaordinacija\/#website\",\"url\":\"https:\/\/zeljkobarisic.org\/stomatoloskaordinacija\/\",\"name\":\"Stomatolo&scaron;ka ordinacija dr. \u017deljko Bari&scaron;i\u0107\",\"description\":\"&Scaron;irokobrije&scaron;ka 4 (Brda) \\t  21000 Split        Mob: 098 432 744\",\"publisher\":{\"@id\":\"https:\/\/zeljkobarisic.org\/stomatoloskaordinacija\/#organization\"},\"potentialAction\":[{\"@type\":\"SearchAction\",\"target\":{\"@type\":\"EntryPoint\",\"urlTemplate\":\"https:\/\/zeljkobarisic.org\/stomatoloskaordinacija\/?s={search_term_string}\"},\"query-input\":{\"@type\":\"PropertyValueSpecification\",\"valueRequired\":true,\"valueName\":\"search_term_string\"}}],\"inLanguage\":\"hr\"},{\"@type\":\"Organization\",\"@id\":\"https:\/\/zeljkobarisic.org\/stomatoloskaordinacija\/#organization\",\"name\":\"Stomatolo&scaron;ka ordinacija dr. \u017deljko Bari&scaron;i\u0107\",\"url\":\"https:\/\/zeljkobarisic.org\/stomatoloskaordinacija\/\",\"logo\":{\"@type\":\"ImageObject\",\"inLanguage\":\"hr\",\"@id\":\"https:\/\/zeljkobarisic.org\/stomatoloskaordinacija\/#\/schema\/logo\/image\/\",\"url\":\"https:\/\/zeljkobarisic.org\/stomatoloskaordinacija\/wp-content\/uploads\/2024\/01\/cropped-logo_zb.png\",\"contentUrl\":\"https:\/\/zeljkobarisic.org\/stomatoloskaordinacija\/wp-content\/uploads\/2024\/01\/cropped-logo_zb.png\",\"width\":221,\"height\":93,\"caption\":\"Stomatolo&scaron;ka ordinacija dr. \u017deljko Bari&scaron;i\u0107\"},\"image\":{\"@id\":\"https:\/\/zeljkobarisic.org\/stomatoloskaordinacija\/#\/schema\/logo\/image\/\"}}]}<\/script>\n<!-- \/ Yoast SEO plugin. -->","yoast_head_json":{"title":"Kontakt \/ Contact - Stomatolo&scaron;ka ordinacija dr. \u017deljko Bari&scaron;i\u0107","robots":{"index":"index","follow":"follow","max-snippet":"max-snippet:-1","max-image-preview":"max-image-preview:large","max-video-preview":"max-video-preview:-1"},"canonical":"https:\/\/zeljkobarisic.org\/stomatoloskaordinacija\/kontakt\/","og_locale":"hr_HR","og_type":"article","og_title":"Kontakt \/ Contact - Stomatolo&scaron;ka ordinacija dr. \u017deljko Bari&scaron;i\u0107","og_description":"KONTAKT Please enable JavaScript in your browser to complete this form.Ime *Email *Poruka * Po\u0161alji poruku Imate upit? Za svaki Va\u0161 upit stojimo na raspolaganju. 00385 (0) 21 509 076 00385 (0) 98 432 744 dr@zeljkobarisic.org \u0160irokobrije\u0161ka 4 (Brda), Split | Hrvatska","og_url":"https:\/\/zeljkobarisic.org\/stomatoloskaordinacija\/kontakt\/","og_site_name":"Stomatolo&scaron;ka ordinacija dr. \u017deljko Bari&scaron;i\u0107","article_modified_time":"2024-03-05T11:48:15+00:00","twitter_card":"summary_large_image","twitter_misc":{"Procijenjeno vrijeme \u010ditanja":"1 minuta"},"schema":{"@context":"https:\/\/schema.org","@graph":[{"@type":"WebPage","@id":"https:\/\/zeljkobarisic.org\/stomatoloskaordinacija\/kontakt\/","url":"https:\/\/zeljkobarisic.org\/stomatoloskaordinacija\/kontakt\/","name":"Kontakt \/ Contact - Stomatolo&scaron;ka ordinacija dr. \u017deljko Bari&scaron;i\u0107","isPartOf":{"@id":"https:\/\/zeljkobarisic.org\/stomatoloskaordinacija\/#website"},"datePublished":"2021-04-29T07:05:17+00:00","dateModified":"2024-03-05T11:48:15+00:00","breadcrumb":{"@id":"https:\/\/zeljkobarisic.org\/stomatoloskaordinacija\/kontakt\/#breadcrumb"},"inLanguage":"hr","potentialAction":[{"@type":"ReadAction","target":["https:\/\/zeljkobarisic.org\/stomatoloskaordinacija\/kontakt\/"]}]},{"@type":"BreadcrumbList","@id":"https:\/\/zeljkobarisic.org\/stomatoloskaordinacija\/kontakt\/#breadcrumb","itemListElement":[{"@type":"ListItem","position":1,"name":"Home","item":"https:\/\/zeljkobarisic.org\/stomatoloskaordinacija\/"},{"@type":"ListItem","position":2,"name":"Kontakt \/ Contact"}]},{"@type":"WebSite","@id":"https:\/\/zeljkobarisic.org\/stomatoloskaordinacija\/#website","url":"https:\/\/zeljkobarisic.org\/stomatoloskaordinacija\/","name":"Stomatolo&scaron;ka ordinacija dr. \u017deljko Bari&scaron;i\u0107","description":"&Scaron;irokobrije&scaron;ka 4 (Brda) \t  21000 Split        Mob: 098 432 744","publisher":{"@id":"https:\/\/zeljkobarisic.org\/stomatoloskaordinacija\/#organization"},"potentialAction":[{"@type":"SearchAction","target":{"@type":"EntryPoint","urlTemplate":"https:\/\/zeljkobarisic.org\/stomatoloskaordinacija\/?s={search_term_string}"},"query-input":{"@type":"PropertyValueSpecification","valueRequired":true,"valueName":"search_term_string"}}],"inLanguage":"hr"},{"@type":"Organization","@id":"https:\/\/zeljkobarisic.org\/stomatoloskaordinacija\/#organization","name":"Stomatolo&scaron;ka ordinacija dr. \u017deljko Bari&scaron;i\u0107","url":"https:\/\/zeljkobarisic.org\/stomatoloskaordinacija\/","logo":{"@type":"ImageObject","inLanguage":"hr","@id":"https:\/\/zeljkobarisic.org\/stomatoloskaordinacija\/#\/schema\/logo\/image\/","url":"https:\/\/zeljkobarisic.org\/stomatoloskaordinacija\/wp-content\/uploads\/2024\/01\/cropped-logo_zb.png","contentUrl":"https:\/\/zeljkobarisic.org\/stomatoloskaordinacija\/wp-content\/uploads\/2024\/01\/cropped-logo_zb.png","width":221,"height":93,"caption":"Stomatolo&scaron;ka ordinacija dr. \u017deljko Bari&scaron;i\u0107"},"image":{"@id":"https:\/\/zeljkobarisic.org\/stomatoloskaordinacija\/#\/schema\/logo\/image\/"}}]}},"_links":{"self":[{"href":"https:\/\/zeljkobarisic.org\/stomatoloskaordinacija\/wp-json\/wp\/v2\/pages\/14"}],"collection":[{"href":"https:\/\/zeljkobarisic.org\/stomatoloskaordinacija\/wp-json\/wp\/v2\/pages"}],"about":[{"href":"https:\/\/zeljkobarisic.org\/stomatoloskaordinacija\/wp-json\/wp\/v2\/types\/page"}],"author":[{"embeddable":true,"href":"https:\/\/zeljkobarisic.org\/stomatoloskaordinacija\/wp-json\/wp\/v2\/users\/1"}],"replies":[{"embeddable":true,"href":"https:\/\/zeljkobarisic.org\/stomatoloskaordinacija\/wp-json\/wp\/v2\/comments?post=14"}],"version-history":[{"count":27,"href":"https:\/\/zeljkobarisic.org\/stomatoloskaordinacija\/wp-json\/wp\/v2\/pages\/14\/revisions"}],"predecessor-version":[{"id":1697,"href":"https:\/\/zeljkobarisic.org\/stomatoloskaordinacija\/wp-json\/wp\/v2\/pages\/14\/revisions\/1697"}],"wp:attachment":[{"href":"https:\/\/zeljkobarisic.org\/stomatoloskaordinacija\/wp-json\/wp\/v2\/media?parent=14"}],"curies":[{"name":"wp","href":"https:\/\/api.w.org\/{rel}","templated":true}]}}